{"id":20,"date":"2022-02-01T12:36:21","date_gmt":"2022-02-01T11:36:21","guid":{"rendered":"http:\/\/localhost\/wordpress\/?page_id=20"},"modified":"2022-02-07T11:50:44","modified_gmt":"2022-02-07T10:50:44","slug":"o-nama","status":"publish","type":"page","link":"https:\/\/www.sd-kupa.hr\/?page_id=20","title":{"rendered":"O nama"},"content":{"rendered":"\n<figure class=\"wp-block-image size-full is-resized\"><img loading=\"lazy\" decoding=\"async\" src=\"http:\/\/localhost\/wordpress\/wp-content\/uploads\/2022\/02\/LOGO8.png\" alt=\"\" class=\"wp-image-153\" width=\"842\" height=\"370\" srcset=\"https:\/\/www.sd-kupa.hr\/wp-content\/uploads\/2022\/02\/LOGO8.png 714w, https:\/\/www.sd-kupa.hr\/wp-content\/uploads\/2022\/02\/LOGO8-300x132.png 300w\" sizes=\"auto, (max-width: 842px) 100vw, 842px\" \/><\/figure>\n\n\n\n<p>\u0160PORTSKO DRU\u0160TVO \u201cKUPA\u201d PRIBANJCI osnovano 24.04.2005 godine, djeluje na podru\u010dju Karlova\u010dke \u017eupanije, sa sjedi\u0161tem u Pribanjcima u op\u0107ini Bosiljevo. Dru\u0161tvo sudjeluje u raznim \u0161portskim natjecanjima, provodi tjelesne aktivnosti radi unapre\u0111enja zdravlja i rekreacije, planski i organizirano razvija i unapre\u0111uje \u0161port, provodi i poti\u010de zabavne, kulturne, ekolo\u0161ke i turisti\u010dke aktivnosti.<\/p>\n\n\n\n<p>Dru\u0161tvo ostvaruje ciljeve i zada\u0107e na na\u010din:<\/p>\n\n\n\n<ul class=\"wp-block-list\"><li>da sudjeluje u raznim natjecanjima<\/li><li>da se uklju\u010duje u razne \u0161portske manifestacije i priredbe \u0161to ih organiziraju<br>udruge, savezi te drugi klubovi<\/li><li>da organizira natjecanja, turnire i \u0161portska dru\u017eenja<\/li><li>da se skrbi o namjeni i kori\u0161tenju \u0161portskih objekata, o izgradnji, pro\u0161irenju<br>i odr\u017eavanju istih<\/li><li>da organizira stru\u010dna predavanja i seminare i upu\u0107uje svoje \u010dlanove na<br>usavr\u0161avanje<\/li><li>da organizira zabavne, kulturne, ekolo\u0161ke i turisti\u010dke aktivnosti<\/li><\/ul>\n\n\n\n<p>Centralno mjesto na\u0161ih aktivnosti je igrali\u0161te na Kasunima, u sklopu kojeg smo si uredili i radne prostorije.<\/p>\n","protected":false},"excerpt":{"rendered":"<p>\u0160PORTSKO DRU\u0160TVO \u201cKUPA\u201d PRIBANJCI osnovano 24.04.2005 godine, djeluje na podru\u010dju Karlova\u010dke \u017eupanije, sa sjedi\u0161tem u Pribanjcima u op\u0107ini Bosiljevo. Dru\u0161tvo sudjeluje u raznim \u0161portskim natjecanjima, provodi tjelesne aktivnosti radi unapre\u0111enja zdravlja i rekreacije, planski i organizirano razvija i unapre\u0111uje \u0161port, provodi i poti\u010de zabavne, kulturne, ekolo\u0161ke i turisti\u010dke aktivnosti. Dru\u0161tvo ostvaruje ciljeve i zada\u0107e na [&hellip;]<\/p>\n","protected":false},"author":1,"featured_media":0,"parent":0,"menu_order":0,"comment_status":"closed","ping_status":"closed","template":"","meta":{"footnotes":""},"class_list":["post-20","page","type-page","status-publish","hentry"],"_links":{"self":[{"href":"https:\/\/www.sd-kupa.hr\/index.php?rest_route=\/wp\/v2\/pages\/20","targetHints":{"allow":["GET"]}}],"collection":[{"href":"https:\/\/www.sd-kupa.hr\/index.php?rest_route=\/wp\/v2\/pages"}],"about":[{"href":"https:\/\/www.sd-kupa.hr\/index.php?rest_route=\/wp\/v2\/types\/page"}],"author":[{"embeddable":true,"href":"https:\/\/www.sd-kupa.hr\/index.php?rest_route=\/wp\/v2\/users\/1"}],"replies":[{"embeddable":true,"href":"https:\/\/www.sd-kupa.hr\/index.php?rest_route=%2Fwp%2Fv2%2Fcomments&post=20"}],"version-history":[{"count":5,"href":"https:\/\/www.sd-kupa.hr\/index.php?rest_route=\/wp\/v2\/pages\/20\/revisions"}],"predecessor-version":[{"id":154,"href":"https:\/\/www.sd-kupa.hr\/index.php?rest_route=\/wp\/v2\/pages\/20\/revisions\/154"}],"wp:attachment":[{"href":"https:\/\/www.sd-kupa.hr\/index.php?rest_route=%2Fwp%2Fv2%2Fmedia&parent=20"}],"curies":[{"name":"wp","href":"https:\/\/api.w.org\/{rel}","templated":true}]}}