{"id":24,"date":"2022-02-01T12:39:45","date_gmt":"2022-02-01T11:39:45","guid":{"rendered":"https:\/\/www.sd-kupa.hr\/?page_id=24"},"modified":"2022-03-14T13:58:33","modified_gmt":"2022-03-14T12:58:33","slug":"kontakt","status":"publish","type":"page","link":"https:\/\/www.sd-kupa.hr\/?page_id=24","title":{"rendered":"Kontakt"},"content":{"rendered":"\n<p>ADRESA:<br><strong>PRIBANJCI 50, 47251 BOSILJEVO<\/strong><br>OIB: <strong>025 11 44 77 46<\/strong><\/p>\n\n\n\n<p>E-MAIL ADRESA: <strong>sdkupa@sd-kupa.hr<\/strong><\/p>\n\n\n\n<p>KONTAKT TELEFONSKI BROJEVI :<\/p>\n\n\n\n<p>PREDSJEDNICA DRU\u0160TVA: <strong>MARTINA ZORKO 091\/ 764 29 16<\/strong><br>PODPREDSJEDNICA DRU\u0160TVA: <strong>MARGARETA KASUN 098 \/ 59 44 02<\/strong><\/p>\n\n\n\n<p>\u017dIRO RA\u010cUN: IBAN: <strong>HR622400008-1102508604 otvoren u Karlova\u010dkoj banci.<\/strong><\/p>\n\n\n\n<p>KARTA ADRESE \u0160.D. KUPE &#8211; PRIBANJCI:<\/p>\n\n\n\n<iframe src=\"https:\/\/www.google.com\/maps\/embed?pb=!1m18!1m12!1m3!1d2798.7046110521856!2d15.247771215808763!3d45.45560827910072!2m3!1f0!2f0!3f0!3m2!1i1024!2i768!4f13.1!3m3!1m2!1s0x4764685411ea31c5%3A0xd057e7add4cd7ee!2sPRIBANJCI%20ZAJEDNI%C4%8CKO%20TRGOVA%C4%8CKO%20UGOSTITELJSKI%20OBRT%2C%20MARIJANA%20I%20NIKOLINA%20MR%C5%BDLJAK%2C%20PRIBANJCI%2050.!5e0!3m2!1shr!2shr!4v1643980212707!5m2!1shr!2shr\" width=\"100%\" height=\"450\" style=\"border:0;\" allowfullscreen=\"\" loading=\"lazy\"><\/iframe>\n\n\n\n<p><\/p>\n","protected":false},"excerpt":{"rendered":"<p>ADRESA:PRIBANJCI 50, 47251 BOSILJEVOOIB: 025 11 44 77 46 E-MAIL ADRESA: sdkupa@sd-kupa.hr KONTAKT TELEFONSKI BROJEVI : PREDSJEDNICA DRU\u0160TVA: MARTINA ZORKO 091\/ 764 29 16PODPREDSJEDNICA DRU\u0160TVA: MARGARETA KASUN 098 \/ 59 44 02 \u017dIRO RA\u010cUN: IBAN: HR622400008-1102508604 otvoren u Karlova\u010dkoj banci. KARTA ADRESE \u0160.D. KUPE &#8211; PRIBANJCI:<\/p>\n","protected":false},"author":1,"featured_media":0,"parent":0,"menu_order":0,"comment_status":"closed","ping_status":"closed","template":"","meta":{"footnotes":""},"class_list":["post-24","page","type-page","status-publish","hentry"],"_links":{"self":[{"href":"https:\/\/www.sd-kupa.hr\/index.php?rest_route=\/wp\/v2\/pages\/24","targetHints":{"allow":["GET"]}}],"collection":[{"href":"https:\/\/www.sd-kupa.hr\/index.php?rest_route=\/wp\/v2\/pages"}],"about":[{"href":"https:\/\/www.sd-kupa.hr\/index.php?rest_route=\/wp\/v2\/types\/page"}],"author":[{"embeddable":true,"href":"https:\/\/www.sd-kupa.hr\/index.php?rest_route=\/wp\/v2\/users\/1"}],"replies":[{"embeddable":true,"href":"https:\/\/www.sd-kupa.hr\/index.php?rest_route=%2Fwp%2Fv2%2Fcomments&post=24"}],"version-history":[{"count":8,"href":"https:\/\/www.sd-kupa.hr\/index.php?rest_route=\/wp\/v2\/pages\/24\/revisions"}],"predecessor-version":[{"id":91,"href":"https:\/\/www.sd-kupa.hr\/index.php?rest_route=\/wp\/v2\/pages\/24\/revisions\/91"}],"wp:attachment":[{"href":"https:\/\/www.sd-kupa.hr\/index.php?rest_route=%2Fwp%2Fv2%2Fmedia&parent=24"}],"curies":[{"name":"wp","href":"https:\/\/api.w.org\/{rel}","templated":true}]}}