{"id":26,"date":"2022-02-01T12:40:12","date_gmt":"2022-02-01T11:40:12","guid":{"rendered":"http:\/\/localhost\/wordpress\/?page_id=26"},"modified":"2025-03-04T15:26:28","modified_gmt":"2025-03-04T14:26:28","slug":"plan-rada","status":"publish","type":"page","link":"https:\/\/www.sd-kupa.hr\/?page_id=26","title":{"rendered":"Plan rada"},"content":{"rendered":"\n<p>Plan rada za 2025. godinu<\/p>\n\n\n\n<p>30. travanj  &#8211;          Prvomajski kres<\/p>\n\n\n\n<p>Svibanj &#8211; Izlet<\/p>\n\n\n\n<p>31. svibanj &#8211; Dje\u010dja biciklijada<\/p>\n\n\n\n<p>01. lipanj &#8211; Biciklijada &#8220;Tri rijeke &#8211; Zdenkovim turama&#8221;<\/p>\n\n\n\n<p>12. srpanj &#8211; Proslava 20. obljetnice \u0160portskog dru\u0161tva Kupa i Prikupska olimpijada na igrali\u0161tu u Kasunima<\/p>\n\n\n\n<p>Srpanj &#8211; Futsal turnir 3&#215;3 &#8220;Arena Kasuni &#8220;<\/p>\n\n\n\n<p>Rujan &#8211; Rekreativno pje\u0161a\u010denje<\/p>\n\n\n\n<p>11. listopad &#8211; kestenijada u Bosiljevu<\/p>\n\n\n\n<p>18. listopad &#8211; kestenijada u Kasunima<\/p>\n\n\n\n<p>Prosinac &#8211; Obilazak Djeda Mraza<\/p>\n\n\n\n<p class=\"has-text-align-center\"><\/p>\n","protected":false},"excerpt":{"rendered":"<p>Plan rada za 2025. godinu 30. travanj &#8211; Prvomajski kres Svibanj &#8211; Izlet 31. svibanj &#8211; Dje\u010dja biciklijada 01. lipanj &#8211; Biciklijada &#8220;Tri rijeke &#8211; Zdenkovim turama&#8221; 12. srpanj &#8211; Proslava 20. obljetnice \u0160portskog dru\u0161tva Kupa i Prikupska olimpijada na igrali\u0161tu u Kasunima Srpanj &#8211; Futsal turnir 3&#215;3 &#8220;Arena Kasuni &#8220; Rujan &#8211; Rekreativno pje\u0161a\u010denje [&hellip;]<\/p>\n","protected":false},"author":1,"featured_media":0,"parent":0,"menu_order":0,"comment_status":"closed","ping_status":"closed","template":"","meta":{"footnotes":""},"class_list":["post-26","page","type-page","status-publish","hentry"],"_links":{"self":[{"href":"https:\/\/www.sd-kupa.hr\/index.php?rest_route=\/wp\/v2\/pages\/26","targetHints":{"allow":["GET"]}}],"collection":[{"href":"https:\/\/www.sd-kupa.hr\/index.php?rest_route=\/wp\/v2\/pages"}],"about":[{"href":"https:\/\/www.sd-kupa.hr\/index.php?rest_route=\/wp\/v2\/types\/page"}],"author":[{"embeddable":true,"href":"https:\/\/www.sd-kupa.hr\/index.php?rest_route=\/wp\/v2\/users\/1"}],"replies":[{"embeddable":true,"href":"https:\/\/www.sd-kupa.hr\/index.php?rest_route=%2Fwp%2Fv2%2Fcomments&post=26"}],"version-history":[{"count":10,"href":"https:\/\/www.sd-kupa.hr\/index.php?rest_route=\/wp\/v2\/pages\/26\/revisions"}],"predecessor-version":[{"id":3538,"href":"https:\/\/www.sd-kupa.hr\/index.php?rest_route=\/wp\/v2\/pages\/26\/revisions\/3538"}],"wp:attachment":[{"href":"https:\/\/www.sd-kupa.hr\/index.php?rest_route=%2Fwp%2Fv2%2Fmedia&parent=26"}],"curies":[{"name":"wp","href":"https:\/\/api.w.org\/{rel}","templated":true}]}}