{"id":58,"date":"2022-02-04T13:41:15","date_gmt":"2022-02-04T12:41:15","guid":{"rendered":"http:\/\/localhost\/wordpress\/?page_id=58"},"modified":"2022-02-07T14:01:00","modified_gmt":"2022-02-07T13:01:00","slug":"kategorije","status":"publish","type":"page","link":"https:\/\/www.sd-kupa.hr\/?page_id=58","title":{"rendered":"Kategorije"},"content":{"rendered":"\n\t\t<div class=\"wppsac-wrap wppsac-slick-slider-wrp wppsac-clearfix \" data-conf=\"{&quot;dots&quot;:&quot;true&quot;,&quot;arrows&quot;:&quot;true&quot;,&quot;autoplay&quot;:&quot;true&quot;,&quot;autoplay_interval&quot;:3000,&quot;speed&quot;:500,&quot;rtl&quot;:&quot;false&quot;,&quot;lazyload&quot;:&quot;&quot;}\">\r\n\t\t\t<div id=\"wppsac-post-slider-1\" class=\"wppsac-post-slider-init wppsac-post-slider design-4\">\r\n\t\t\t\t<div class=\"wppsac-post-slides\">\r\n\t<div class=\"wppsac-post-list\">\r\n\t\t<div class=\"wppsac-post-list-content\">\r\n\t\t\t\t\t\t<div class=\"wp-medium-5 wpcolumns\">\r\n\t\t\t\t<div class=\"wppsac-post-image-bg\">\r\n\t\t\t\t\t<a href=\"https:\/\/www.sd-kupa.hr\/?p=4163\">\r\n\t\t\t\t\t\t<img decoding=\"async\" class=\"wppsac-post-image\"  src=\"https:\/\/www.sd-kupa.hr\/wp-content\/uploads\/2026\/03\/Prikupska-Atletska-Utrka-1080x1350-1.jpg\" alt=\"Preko 80 trka\u010da prijavljeno za Prikupsku atletsku utrku &#8211; Bosiljevo 2026\" \/>\r\n\t\t\t\t\t<\/a>\r\n\t\t\t\t<\/div>\r\n\t\t\t<\/div>\r\n\t\t\t\r\n\t\t\t<div class=\" wp-medium-7  wpcolumns\">\r\n\t\t\t\t\t\t\t\t<div class=\"wppsac-post-categories\"><ul class=\"wppsac-post-categories-list\"><li><a href=\"https:\/\/www.sd-kupa.hr\/?cat=1\">Ostalo<\/a><\/li><li><a href=\"https:\/\/www.sd-kupa.hr\/?cat=10\">Projekti<\/a><\/li><\/ul><\/div>\r\n\t\t\t\t\r\n\t\t\t\t<h2 class=\"wppsac-post-title\">\r\n\t\t\t\t\t<a href=\"https:\/\/www.sd-kupa.hr\/?p=4163\">Preko 80 trka\u010da prijavljeno za Prikupsku atletsku utrku &#8211; Bosiljevo 2026<\/a>\r\n\t\t\t\t<\/h2>\r\n\r\n\t\t\t\t\t\t\t\t<div class=\"wppsac-post-date\">\r\n\t\t\t\t\t \r\n\t\t\t\t\t\t<span>By admin<\/span>\r\n\t\t\t\t\t \/ 17. o\u017eujka 2026.\t\t\t\t<\/div>\r\n\t\t\t\t\t\t\t\t<div class=\"wppsac-post-content\">\r\n\t\t\t\t\t<div class=\"wppsac-sub-content\">Pripreme za Prikupsku atletsku utrku - Bosiljevo 2026 u punom su jeku. Do sada je prijavljeno preko 80 trka\u010da iz...<\/div>\r\n\r\n\t\t\t\t\t\t\t\t\t\t<a class=\"wppsac-readmorebtn\" href=\"https:\/\/www.sd-kupa.hr\/?p=4163\">Read More<\/a>\r\n\t\t\t\t\t\t\t\t\t<\/div>\r\n\t\t\t\t\t\t\t<\/div>\r\n\t\t<\/div>\r\n\t<\/div>\r\n<\/div><div class=\"wppsac-post-slides\">\r\n\t<div class=\"wppsac-post-list\">\r\n\t\t<div class=\"wppsac-post-list-content\">\r\n\t\t\t\t\t\t<div class=\"wp-medium-5 wpcolumns\">\r\n\t\t\t\t<div class=\"wppsac-post-image-bg\">\r\n\t\t\t\t\t<a href=\"https:\/\/www.sd-kupa.hr\/?p=4146\">\r\n\t\t\t\t\t\t<img decoding=\"async\" class=\"wppsac-post-image\"  src=\"https:\/\/www.sd-kupa.hr\/wp-content\/uploads\/2026\/03\/20260228_194436-scaled-e1772548169479.jpg\" alt=\"Odr\u017eana 21. redovna skup\u0161tina dru\u0161tva\" \/>\r\n\t\t\t\t\t<\/a>\r\n\t\t\t\t<\/div>\r\n\t\t\t<\/div>\r\n\t\t\t\r\n\t\t\t<div class=\" wp-medium-7  wpcolumns\">\r\n\t\t\t\t\t\t\t\t<div class=\"wppsac-post-categories\"><ul class=\"wppsac-post-categories-list\"><li><a href=\"https:\/\/www.sd-kupa.hr\/?cat=9\">Album<\/a><\/li><li><a href=\"https:\/\/www.sd-kupa.hr\/?cat=1\">Ostalo<\/a><\/li><\/ul><\/div>\r\n\t\t\t\t\r\n\t\t\t\t<h2 class=\"wppsac-post-title\">\r\n\t\t\t\t\t<a href=\"https:\/\/www.sd-kupa.hr\/?p=4146\">Odr\u017eana 21. redovna skup\u0161tina dru\u0161tva<\/a>\r\n\t\t\t\t<\/h2>\r\n\r\n\t\t\t\t\t\t\t\t<div class=\"wppsac-post-date\">\r\n\t\t\t\t\t \r\n\t\t\t\t\t\t<span>By admin<\/span>\r\n\t\t\t\t\t \/ 3. o\u017eujka 2026.\t\t\t\t<\/div>\r\n\t\t\t\t\t\t\t\t<div class=\"wppsac-post-content\">\r\n\t\t\t\t\t<div class=\"wppsac-sub-content\">U subotu 28. velja\u0107e odr\u017eana je redovna 21. godi\u0161nja skup\u0161tina \u0160portskog dru\u0161tva Kupa na kojoj smo se prisjetili brojnih aktivnosti...<\/div>\r\n\r\n\t\t\t\t\t\t\t\t\t\t<a class=\"wppsac-readmorebtn\" href=\"https:\/\/www.sd-kupa.hr\/?p=4146\">Read More<\/a>\r\n\t\t\t\t\t\t\t\t\t<\/div>\r\n\t\t\t\t\t\t\t<\/div>\r\n\t\t<\/div>\r\n\t<\/div>\r\n<\/div><div class=\"wppsac-post-slides\">\r\n\t<div class=\"wppsac-post-list\">\r\n\t\t<div class=\"wppsac-post-list-content\">\r\n\t\t\t\t\t\t<div class=\"wp-medium-5 wpcolumns\">\r\n\t\t\t\t<div class=\"wppsac-post-image-bg\">\r\n\t\t\t\t\t<a href=\"https:\/\/www.sd-kupa.hr\/?p=4115\">\r\n\t\t\t\t\t\t<img decoding=\"async\" class=\"wppsac-post-image\"  src=\"https:\/\/www.sd-kupa.hr\/wp-content\/uploads\/2026\/02\/viber_slika_2026-02-06_23-48-10-117-e1770733743284.jpg\" alt=\"Odr\u017ean prvi Sala kviz\" \/>\r\n\t\t\t\t\t<\/a>\r\n\t\t\t\t<\/div>\r\n\t\t\t<\/div>\r\n\t\t\t\r\n\t\t\t<div class=\" wp-medium-7  wpcolumns\">\r\n\t\t\t\t\t\t\t\t<div class=\"wppsac-post-categories\"><ul class=\"wppsac-post-categories-list\"><li><a href=\"https:\/\/www.sd-kupa.hr\/?cat=9\">Album<\/a><\/li><li><a href=\"https:\/\/www.sd-kupa.hr\/?cat=1\">Ostalo<\/a><\/li><\/ul><\/div>\r\n\t\t\t\t\r\n\t\t\t\t<h2 class=\"wppsac-post-title\">\r\n\t\t\t\t\t<a href=\"https:\/\/www.sd-kupa.hr\/?p=4115\">Odr\u017ean prvi Sala kviz<\/a>\r\n\t\t\t\t<\/h2>\r\n\r\n\t\t\t\t\t\t\t\t<div class=\"wppsac-post-date\">\r\n\t\t\t\t\t \r\n\t\t\t\t\t\t<span>By admin<\/span>\r\n\t\t\t\t\t \/ 10. velja\u010de 2026.\t\t\t\t<\/div>\r\n\t\t\t\t\t\t\t\t<div class=\"wppsac-post-content\">\r\n\t\t\t\t\t<div class=\"wppsac-sub-content\">Koja vrsta pingvina izme\u0111u ostalog predstavlja i jednu vrstu tjestenine (i slastice)? Kako se komercijalno i popularno naziva njema\u010dki digestiv...<\/div>\r\n\r\n\t\t\t\t\t\t\t\t\t\t<a class=\"wppsac-readmorebtn\" href=\"https:\/\/www.sd-kupa.hr\/?p=4115\">Read More<\/a>\r\n\t\t\t\t\t\t\t\t\t<\/div>\r\n\t\t\t\t\t\t\t<\/div>\r\n\t\t<\/div>\r\n\t<\/div>\r\n<\/div><div class=\"wppsac-post-slides\">\r\n\t<div class=\"wppsac-post-list\">\r\n\t\t<div class=\"wppsac-post-list-content\">\r\n\t\t\t\t\t\t<div class=\"wp-medium-5 wpcolumns\">\r\n\t\t\t\t<div class=\"wppsac-post-image-bg\">\r\n\t\t\t\t\t<a href=\"https:\/\/www.sd-kupa.hr\/?p=4107\">\r\n\t\t\t\t\t\t<img decoding=\"async\" class=\"wppsac-post-image\"  src=\"https:\/\/www.sd-kupa.hr\/wp-content\/uploads\/2026\/01\/605727829_1312472747266441_7815456348669682209_n-e1767790835517.jpg\" alt=\"Ekipe \u0160D Kupa sudjelovale na \u0160ank kvizu u Vinicu\" \/>\r\n\t\t\t\t\t<\/a>\r\n\t\t\t\t<\/div>\r\n\t\t\t<\/div>\r\n\t\t\t\r\n\t\t\t<div class=\" wp-medium-7  wpcolumns\">\r\n\t\t\t\t\t\t\t\t<div class=\"wppsac-post-categories\"><ul class=\"wppsac-post-categories-list\"><li><a href=\"https:\/\/www.sd-kupa.hr\/?cat=1\">Ostalo<\/a><\/li><\/ul><\/div>\r\n\t\t\t\t\r\n\t\t\t\t<h2 class=\"wppsac-post-title\">\r\n\t\t\t\t\t<a href=\"https:\/\/www.sd-kupa.hr\/?p=4107\">Ekipe \u0160D Kupa sudjelovale na \u0160ank kvizu u Vinicu<\/a>\r\n\t\t\t\t<\/h2>\r\n\r\n\t\t\t\t\t\t\t\t<div class=\"wppsac-post-date\">\r\n\t\t\t\t\t \r\n\t\t\t\t\t\t<span>By admin<\/span>\r\n\t\t\t\t\t \/ 7. sije\u010dnja 2026.\t\t\t\t<\/div>\r\n\t\t\t\t\t\t\t\t<div class=\"wppsac-post-content\">\r\n\t\t\t\t\t<div class=\"wppsac-sub-content\">Godinu smo zavr\u0161ili sudjelovanjem dviju ekipa na \u0160ank kvizu kod na\u0161ih susjeda \u0160TD Vinica u Vinici. Nastupili smo u timovima...<\/div>\r\n\r\n\t\t\t\t\t\t\t\t\t\t<a class=\"wppsac-readmorebtn\" href=\"https:\/\/www.sd-kupa.hr\/?p=4107\">Read More<\/a>\r\n\t\t\t\t\t\t\t\t\t<\/div>\r\n\t\t\t\t\t\t\t<\/div>\r\n\t\t<\/div>\r\n\t<\/div>\r\n<\/div><div class=\"wppsac-post-slides\">\r\n\t<div class=\"wppsac-post-list\">\r\n\t\t<div class=\"wppsac-post-list-content\">\r\n\t\t\t\t\t\t<div class=\"wp-medium-5 wpcolumns\">\r\n\t\t\t\t<div class=\"wppsac-post-image-bg\">\r\n\t\t\t\t\t<a href=\"https:\/\/www.sd-kupa.hr\/?p=4062\">\r\n\t\t\t\t\t\t<img decoding=\"async\" class=\"wppsac-post-image\"  src=\"https:\/\/www.sd-kupa.hr\/wp-content\/uploads\/2026\/01\/20251220-48-1.jpg\" alt=\"Bo\u017ei\u0107na radionica i party za najmla\u0111e mje\u0161tane\" \/>\r\n\t\t\t\t\t<\/a>\r\n\t\t\t\t<\/div>\r\n\t\t\t<\/div>\r\n\t\t\t\r\n\t\t\t<div class=\" wp-medium-7  wpcolumns\">\r\n\t\t\t\t\t\t\t\t<div class=\"wppsac-post-categories\"><ul class=\"wppsac-post-categories-list\"><li><a href=\"https:\/\/www.sd-kupa.hr\/?cat=9\">Album<\/a><\/li><li><a href=\"https:\/\/www.sd-kupa.hr\/?cat=8\">Radionice<\/a><\/li><\/ul><\/div>\r\n\t\t\t\t\r\n\t\t\t\t<h2 class=\"wppsac-post-title\">\r\n\t\t\t\t\t<a href=\"https:\/\/www.sd-kupa.hr\/?p=4062\">Bo\u017ei\u0107na radionica i party za najmla\u0111e mje\u0161tane<\/a>\r\n\t\t\t\t<\/h2>\r\n\r\n\t\t\t\t\t\t\t\t<div class=\"wppsac-post-date\">\r\n\t\t\t\t\t \r\n\t\t\t\t\t\t<span>By admin<\/span>\r\n\t\t\t\t\t \/ 7. sije\u010dnja 2026.\t\t\t\t<\/div>\r\n\t\t\t\t\t\t\t\t<div class=\"wppsac-post-content\">\r\n\t\t\t\t\t<div class=\"wppsac-sub-content\">Tradicionalno uo\u0107i blagdana Bo\u017ei\u0107a za na\u0161e najmla\u0111e organizirali smo predblagdansko dru\u017eenje na kojem su djeca i roditelji na radionici u...<\/div>\r\n\r\n\t\t\t\t\t\t\t\t\t\t<a class=\"wppsac-readmorebtn\" href=\"https:\/\/www.sd-kupa.hr\/?p=4062\">Read More<\/a>\r\n\t\t\t\t\t\t\t\t\t<\/div>\r\n\t\t\t\t\t\t\t<\/div>\r\n\t\t<\/div>\r\n\t<\/div>\r\n<\/div>\t\t\t<\/div>\r\n\t\t<\/div>\r\n\t\n\n\n\n<p>Kategorije<\/p>\n\n\n","protected":false},"excerpt":{"rendered":"<p>Kategorije<\/p>\n","protected":false},"author":1,"featured_media":0,"parent":0,"menu_order":0,"comment_status":"closed","ping_status":"closed","template":"","meta":{"footnotes":""},"class_list":["post-58","page","type-page","status-publish","hentry"],"_links":{"self":[{"href":"https:\/\/www.sd-kupa.hr\/index.php?rest_route=\/wp\/v2\/pages\/58","targetHints":{"allow":["GET"]}}],"collection":[{"href":"https:\/\/www.sd-kupa.hr\/index.php?rest_route=\/wp\/v2\/pages"}],"about":[{"href":"https:\/\/www.sd-kupa.hr\/index.php?rest_route=\/wp\/v2\/types\/page"}],"author":[{"embeddable":true,"href":"https:\/\/www.sd-kupa.hr\/index.php?rest_route=\/wp\/v2\/users\/1"}],"replies":[{"embeddable":true,"href":"https:\/\/www.sd-kupa.hr\/index.php?rest_route=%2Fwp%2Fv2%2Fcomments&post=58"}],"version-history":[{"count":18,"href":"https:\/\/www.sd-kupa.hr\/index.php?rest_route=\/wp\/v2\/pages\/58\/revisions"}],"predecessor-version":[{"id":224,"href":"https:\/\/www.sd-kupa.hr\/index.php?rest_route=\/wp\/v2\/pages\/58\/revisions\/224"}],"wp:attachment":[{"href":"https:\/\/www.sd-kupa.hr\/index.php?rest_route=%2Fwp%2Fv2%2Fmedia&parent=58"}],"curies":[{"name":"wp","href":"https:\/\/api.w.org\/{rel}","templated":true}]}}